{"id":24,"date":"2025-07-11T16:37:39","date_gmt":"2025-07-11T16:37:39","guid":{"rendered":"https:\/\/www.at-event.fr\/?page_id=24"},"modified":"2025-07-15T12:46:48","modified_gmt":"2025-07-15T12:46:48","slug":"contact-2","status":"publish","type":"page","link":"https:\/\/www.at-event.fr\/?page_id=24","title":{"rendered":"Contact"},"content":{"rendered":"\n\n\n\n\n<p><strong data-start=\"119\" data-end=\"159\">Une question, un projet, une envie ?<\/strong><br><br>Notre \u00e9quipe est \u00e0 votre \u00e9coute pour donner vie \u00e0 vos id\u00e9es. Que vous souhaitiez organiser un \u00e9v\u00e9nement priv\u00e9 ou professionnel, nous vous accompagnons \u00e0 chaque \u00e9tape. N\u2019h\u00e9sitez pas \u00e0 nous contacter via le formulaire ci-dessous, par t\u00e9l\u00e9phone ou par e-mail \u2014 nous vous r\u00e9pondrons dans les plus brefs d\u00e9lais.<br><\/p>\n\n\n\n\n<div class=\"wpforms-container wpforms-container-full wpforms-block wpforms-block-4c1e68ea-8037-4a5f-a442-b58ff1008716 wpforms-render-modern\" id=\"wpforms-126\"><form id=\"wpforms-form-126\" class=\"wpforms-validate wpforms-form wpforms-ajax-form\" data-formid=\"126\" method=\"post\" enctype=\"multipart\/form-data\" action=\"\/index.php?rest_route=%2Fwp%2Fv2%2Fpages%2F24\" data-token=\"ee090616ab680ca8a71a8ce8c152dfde\" data-token-time=\"1777571394\"><noscript class=\"wpforms-error-noscript\">Veuillez activer JavaScript dans votre navigateur pour remplir ce formulaire.<\/noscript><div id=\"wpforms-error-noscript\" style=\"display: none;\">Veuillez activer JavaScript dans votre navigateur pour remplir ce formulaire.<\/div><div class=\"wpforms-field-container\">\t\t<div id=\"wpforms-126-field_6-container\"\n\t\t\tclass=\"wpforms-field wpforms-field-text\"\n\t\t\tdata-field-type=\"text\"\n\t\t\tdata-field-id=\"6\"\n\t\t\t>\n\t\t\t<label class=\"wpforms-field-label\" for=\"wpforms-126-field_6\" >Nom Motif ou<\/label>\n\t\t\t<input type=\"text\" id=\"wpforms-126-field_6\" class=\"wpforms-field-medium\" name=\"wpforms[fields][6]\" >\n\t\t<\/div>\n\t\t<div id=\"wpforms-126-field_1-container\" class=\"wpforms-field wpforms-field-name\" data-field-id=\"1\"><fieldset><legend class=\"wpforms-field-label\">Nom <span class=\"wpforms-required-label\" aria-hidden=\"true\">*<\/span><\/legend><div class=\"wpforms-field-row wpforms-field-medium\"><div class=\"wpforms-field-row-block wpforms-first wpforms-one-half\"><input type=\"text\" id=\"wpforms-126-field_1\" class=\"wpforms-field-name-first wpforms-field-required\" name=\"wpforms[fields][1][first]\" placeholder=\"Dua\" aria-errormessage=\"wpforms-126-field_1-error\" required><label for=\"wpforms-126-field_1\" class=\"wpforms-field-sublabel after\">Pr\u00e9nom<\/label><\/div><div class=\"wpforms-field-row-block wpforms-one-half\"><input type=\"text\" id=\"wpforms-126-field_1-last\" class=\"wpforms-field-name-last wpforms-field-required\" name=\"wpforms[fields][1][last]\" placeholder=\"Lipa\" aria-errormessage=\"wpforms-126-field_1-last-error\" required><label for=\"wpforms-126-field_1-last\" class=\"wpforms-field-sublabel after\">Nom<\/label><\/div><\/div><\/fieldset><\/div><div id=\"wpforms-126-field_2-container\" class=\"wpforms-field wpforms-field-email\" data-field-id=\"2\"><label class=\"wpforms-field-label\" for=\"wpforms-126-field_2\">E-mail <span class=\"wpforms-required-label\" aria-hidden=\"true\">*<\/span><\/label><input type=\"email\" id=\"wpforms-126-field_2\" class=\"wpforms-field-medium wpforms-field-required\" name=\"wpforms[fields][2]\" placeholder=\"contact@at-event.fr\" spellcheck=\"false\" aria-errormessage=\"wpforms-126-field_2-error\" required><\/div><div id=\"wpforms-126-field_5-container\" class=\"wpforms-field wpforms-field-number\" data-field-id=\"5\"><label class=\"wpforms-field-label\" for=\"wpforms-126-field_5\">Num\u00e9ro de t\u00e9l\u00e9phone<\/label><input type=\"number\" id=\"wpforms-126-field_5\" class=\"wpforms-field-medium\" name=\"wpforms[fields][5]\" placeholder=\"0684001750\" step=\"any\" aria-errormessage=\"wpforms-126-field_5-error\" ><\/div><div id=\"wpforms-126-field_4-container\" class=\"wpforms-field wpforms-field-select wpforms-field-select-style-classic\" data-field-id=\"4\"><label class=\"wpforms-field-label\" for=\"wpforms-126-field_4\">Motif <span class=\"wpforms-required-label\" aria-hidden=\"true\">*<\/span><\/label><select id=\"wpforms-126-field_4\" class=\"wpforms-field-medium wpforms-field-required\" name=\"wpforms[fields][4]\" required=\"required\"><option value=\"\" class=\"placeholder\" disabled  selected='selected'>&#8212; S\u00e9lectionner un choix &#8212;<\/option><option value=\"Soir\u00e9e \/ Gala\" >Soir\u00e9e \/ Gala<\/option><option value=\"Anniversaire\" >Anniversaire<\/option><option value=\"Baby Shower \/ Gender Reveal\" >Baby Shower \/ Gender Reveal<\/option><option value=\"Anniversaire\" >Anniversaire<\/option><option value=\"Mariage\" >Mariage<\/option><option value=\"Location de mat\u00e9riel\" >Location de mat\u00e9riel<\/option><option value=\"Autre\" >Autre<\/option><\/select><\/div><div id=\"wpforms-126-field_3-container\" class=\"wpforms-field wpforms-field-textarea\" data-field-id=\"3\"><label class=\"wpforms-field-label\" for=\"wpforms-126-field_3\">Commentaire ou message<\/label><textarea id=\"wpforms-126-field_3\" class=\"wpforms-field-medium\" name=\"wpforms[fields][3]\" aria-errormessage=\"wpforms-126-field_3-error\" aria-describedby=\"wpforms-126-field_3-description\" ><\/textarea><div id=\"wpforms-126-field_3-description\" class=\"wpforms-field-description\">Merci de pr\u00e9ciser votre num\u00e9ro de t\u00e9l\u00e9phone si vous souhaitez \u00eatre recontacter par ce biais.<\/div><\/div><script>\n\t\t\t\t( function() {\n\t\t\t\t\tconst style = document.createElement( 'style' );\n\t\t\t\t\tstyle.appendChild( document.createTextNode( '#wpforms-126-field_6-container { position: absolute !important; overflow: hidden !important; display: inline !important; height: 1px !important; width: 1px !important; z-index: -1000 !important; padding: 0 !important; } #wpforms-126-field_6-container input { visibility: hidden; } #wpforms-conversational-form-page #wpforms-126-field_6-container label { counter-increment: none; }' ) );\n\t\t\t\t\tdocument.head.appendChild( style );\n\t\t\t\t\tdocument.currentScript?.remove();\n\t\t\t\t} )();\n\t\t\t<\/script><\/div><!-- .wpforms-field-container --><div class=\"wpforms-submit-container\" ><input type=\"hidden\" name=\"wpforms[id]\" value=\"126\"><input type=\"hidden\" name=\"page_title\" value=\"\"><input type=\"hidden\" name=\"page_url\" value=\"https:\/\/www.at-event.fr\/index.php?rest_route=\/wp\/v2\/pages\/24\"><input type=\"hidden\" name=\"url_referer\" value=\"\"><button type=\"submit\" name=\"wpforms[submit]\" id=\"wpforms-submit-126\" class=\"wpforms-submit\" data-alt-text=\"Envoi...\" data-submit-text=\"Envoyer\" aria-live=\"assertive\" value=\"wpforms-submit\">Envoyer<\/button><img loading=\"lazy\" decoding=\"async\" src=\"https:\/\/www.at-event.fr\/wp-content\/plugins\/wpforms-lite\/assets\/images\/submit-spin.svg\" class=\"wpforms-submit-spinner\" style=\"display: none;\" width=\"26\" height=\"26\" alt=\"Chargement en cours\"><\/div><\/form><\/div>  <!-- .wpforms-container -->\n\n\n\n\n\n\n\n\n\n\n\n\n\n\n<h3>Nous retrouver <\/h3>\n\n\n\n<p style=\"text-align: center;\">54 avenue de grasse,&nbsp;<\/p>\n<p style=\"text-align: center;\">06800 Cagnes sur Mer<\/p>\n\n\n\n\n\n\n\n<h3>Nous appeler<\/h3>\n\n\n\n<p [object NamedNodeMap]>T\u00e9l : 06.84.00.17.50<\/p>\n\n\n\n\n\n\n\n<h3>Nous \u00e9crire<\/h3>\n\n\n\n<p [object NamedNodeMap]>contact@at-event.fr<\/p>\n\n\n\n\n\n\n\n\n","protected":false},"excerpt":{"rendered":"","protected":false},"author":1,"featured_media":21,"parent":0,"menu_order":0,"comment_status":"closed","ping_status":"closed","template":"","meta":{"pagelayer_contact_templates":[],"_pagelayer_content":"","footnotes":""},"class_list":["post-24","page","type-page","status-publish","has-post-thumbnail","hentry"],"featured_media_urls":{"thumbnail":["https:\/\/www.at-event.fr\/wp-content\/uploads\/2025\/07\/StockSnap_6O7JXC5DC5-2-150x150.jpg",150,150,true],"medium":["https:\/\/www.at-event.fr\/wp-content\/uploads\/2025\/07\/StockSnap_6O7JXC5DC5-2-300x200.jpg",300,200,true],"medium_large":["https:\/\/www.at-event.fr\/wp-content\/uploads\/2025\/07\/StockSnap_6O7JXC5DC5-2.jpg",768,512,false],"large":["https:\/\/www.at-event.fr\/wp-content\/uploads\/2025\/07\/StockSnap_6O7JXC5DC5-2-1024x683.jpg",950,634,true],"1536x1536":["https:\/\/www.at-event.fr\/wp-content\/uploads\/2025\/07\/StockSnap_6O7JXC5DC5-2-1536x1025.jpg",1536,1025,true],"2048x2048":["https:\/\/www.at-event.fr\/wp-content\/uploads\/2025\/07\/StockSnap_6O7JXC5DC5-2-2048x1367.jpg",2048,1367,true],"inspiro-featured-image":["https:\/\/www.at-event.fr\/wp-content\/uploads\/2025\/07\/StockSnap_6O7JXC5DC5-2-2000x1335.jpg",2000,1335,true],"inspiro-loop":["https:\/\/www.at-event.fr\/wp-content\/uploads\/2025\/07\/StockSnap_6O7JXC5DC5-2-950x320.jpg",950,320,true],"inspiro-loop@2x":["https:\/\/www.at-event.fr\/wp-content\/uploads\/2025\/07\/StockSnap_6O7JXC5DC5-2-1900x640.jpg",1900,640,true],"portfolio_item-thumbnail":["https:\/\/www.at-event.fr\/wp-content\/uploads\/2025\/07\/StockSnap_6O7JXC5DC5-2-600x400.jpg",600,400,true],"portfolio_item-thumbnail@2x":["https:\/\/www.at-event.fr\/wp-content\/uploads\/2025\/07\/StockSnap_6O7JXC5DC5-2-1200x800.jpg",1200,800,true],"portfolio_item-masonry":["https:\/\/www.at-event.fr\/wp-content\/uploads\/2025\/07\/StockSnap_6O7JXC5DC5-2-600x400.jpg",600,400,true],"portfolio_item-masonry@2x":["https:\/\/www.at-event.fr\/wp-content\/uploads\/2025\/07\/StockSnap_6O7JXC5DC5-2-1200x801.jpg",1200,801,true],"portfolio_item-thumbnail_cinema":["https:\/\/www.at-event.fr\/wp-content\/uploads\/2025\/07\/StockSnap_6O7JXC5DC5-2-800x335.jpg",800,335,true],"portfolio_item-thumbnail_portrait":["https:\/\/www.at-event.fr\/wp-content\/uploads\/2025\/07\/StockSnap_6O7JXC5DC5-2-600x900.jpg",600,900,true],"portfolio_item-thumbnail_portrait@2x":["https:\/\/www.at-event.fr\/wp-content\/uploads\/2025\/07\/StockSnap_6O7JXC5DC5-2-1200x1468.jpg",1200,1468,true],"portfolio_item-thumbnail_square":["https:\/\/www.at-event.fr\/wp-content\/uploads\/2025\/07\/StockSnap_6O7JXC5DC5-2-800x800.jpg",800,800,true]},"_links":{"self":[{"href":"https:\/\/www.at-event.fr\/index.php?rest_route=\/wp\/v2\/pages\/24","targetHints":{"allow":["GET"]}}],"collection":[{"href":"https:\/\/www.at-event.fr\/index.php?rest_route=\/wp\/v2\/pages"}],"about":[{"href":"https:\/\/www.at-event.fr\/index.php?rest_route=\/wp\/v2\/types\/page"}],"author":[{"embeddable":true,"href":"https:\/\/www.at-event.fr\/index.php?rest_route=\/wp\/v2\/users\/1"}],"replies":[{"embeddable":true,"href":"https:\/\/www.at-event.fr\/index.php?rest_route=%2Fwp%2Fv2%2Fcomments&post=24"}],"version-history":[{"count":5,"href":"https:\/\/www.at-event.fr\/index.php?rest_route=\/wp\/v2\/pages\/24\/revisions"}],"predecessor-version":[{"id":131,"href":"https:\/\/www.at-event.fr\/index.php?rest_route=\/wp\/v2\/pages\/24\/revisions\/131"}],"wp:featuredmedia":[{"embeddable":true,"href":"https:\/\/www.at-event.fr\/index.php?rest_route=\/wp\/v2\/media\/21"}],"wp:attachment":[{"href":"https:\/\/www.at-event.fr\/index.php?rest_route=%2Fwp%2Fv2%2Fmedia&parent=24"}],"curies":[{"name":"wp","href":"https:\/\/api.w.org\/{rel}","templated":true}]}}