{"id":3,"date":"2025-07-11T13:43:30","date_gmt":"2025-07-11T13:43:30","guid":{"rendered":"https:\/\/www.at-event.fr\/?page_id=3"},"modified":"2025-07-17T13:51:56","modified_gmt":"2025-07-17T13:51:56","slug":"privacy-policy","status":"publish","type":"page","link":"https:\/\/www.at-event.fr\/?page_id=3","title":{"rendered":"Mentions l\u00e9gales"},"content":{"rendered":"\n<h2 class=\"wp-block-heading\">\u00c9diteur du site<\/h2>\n\n\n\n<p><strong>AT<\/strong> <strong>Evenementiel <\/strong><\/p>\n\n\n\n<p>Ci-apr\u00e8s <strong>ATEvent<\/strong>, nom de marque d\u00e9pos\u00e9 par AT Evenementiel aupr\u00e8s de l&rsquo;INPI<br>Entreprise individuelle \u2013 Micro-entreprise<br>SIRET : <strong>98904788100010<\/strong><br>Immatricul\u00e9e au Registre du Commerce et des Soci\u00e9t\u00e9s d&rsquo;<strong>Antibes<\/strong><br>Si\u00e8ge social <strong>: 54 Avenue de Grasse, 06800 Cagnes sur Mer<\/strong><br>Email : <strong><a>contact@atevent.fr<\/a><\/strong><br>Directeur de la publication : <strong>Neil Amrane<\/strong><\/p>\n\n\n\n<h3 class=\"wp-block-heading\">H\u00e9bergeur du site<\/h3>\n\n\n\n<p>Le site\u00a0<a href=\"http:\/\/at-event.fr\">at-event.fr<\/a>\u00a0est h\u00e9berg\u00e9 par la soci\u00e9t\u00e9 <strong>O2Switch<\/strong> <a href=\"https:\/\/www.o2switch.fr\">https:\/\/www.o2switch.fr<\/a><br><strong>Chem. des Pardiaux, 63000 Clermont-Ferrand, France<\/strong><br><strong>N\u00b0 04 44 44 60 40<\/strong> <\/p>\n\n\n\n<h3 class=\"wp-block-heading\">Propri\u00e9t\u00e9 intellectuelle<\/h3>\n\n\n\n<p>L\u2019ensemble des \u00e9l\u00e9ments pr\u00e9sents sur ce site (textes, images, graphismes, logo, vid\u00e9os, etc.) sont la propri\u00e9t\u00e9 exclusive de <strong>ATEvent<\/strong>, sauf mention contraire. Toute reproduction, distribution, modification, adaptation, retransmission ou publication, m\u00eame partielle, de ces diff\u00e9rents \u00e9l\u00e9ments est strictement interdite sans l\u2019accord \u00e9crit de <strong>ATEvent<\/strong>.<\/p>\n\n\n\n<h3 class=\"wp-block-heading\">Donn\u00e9es personnelles<\/h3>\n\n\n\n<p>Conform\u00e9ment au R\u00e8glement G\u00e9n\u00e9ral sur la Protection des Donn\u00e9es (RGPD), les informations recueillies via le site (formulaire de contact, demande de devis, etc.) sont destin\u00e9es uniquement \u00e0 <strong>ATEvent<\/strong> et ne sont en aucun cas transmises \u00e0 des tiers.<\/p>\n\n\n\n<p>Vous disposez d\u2019un droit d\u2019acc\u00e8s, de rectification et de suppression de vos donn\u00e9es personnelles, que vous pouvez exercer en envoyant un mail \u00e0 : <strong><a>contact@atevent.fr<\/a><\/strong>.<\/p>\n\n\n\n<h3 class=\"wp-block-heading\">Cookies<\/h3>\n\n\n\n<p>Le site peut \u00eatre amen\u00e9 \u00e0 utiliser des cookies \u00e0 des fins de statistiques ou de fonctionnement. Vous pouvez \u00e0 tout moment configurer votre navigateur pour les refuser.<\/p>\n","protected":false},"excerpt":{"rendered":"<p>\u00c9diteur du site AT Evenementiel Ci-apr\u00e8s ATEvent, nom de marque d\u00e9pos\u00e9 par AT Evenementiel aupr\u00e8s de l&rsquo;INPIEntreprise individuelle \u2013 Micro-entrepriseSIRET : 98904788100010Immatricul\u00e9e au Registre du Commerce et des Soci\u00e9t\u00e9s d&rsquo;AntibesSi\u00e8ge social : 54 Avenue de Grasse, 06800 Cagnes sur MerEmail : contact@atevent.frDirecteur de la publication : Neil Amrane H\u00e9bergeur du site Le site\u00a0at-event.fr\u00a0est h\u00e9berg\u00e9 par &hellip; <\/p>\n<p class=\"link-more\"><a href=\"https:\/\/www.at-event.fr\/?page_id=3\" class=\"more-link\">Lire la suite de<span class=\"screen-reader-text\">\u00ab\u00a0Mentions l\u00e9gales\u00a0\u00bb<\/span><\/a><\/p>\n","protected":false},"author":1,"featured_media":0,"parent":0,"menu_order":0,"comment_status":"closed","ping_status":"open","template":"","meta":{"pagelayer_contact_templates":[],"_pagelayer_content":"","footnotes":""},"class_list":["post-3","page","type-page","status-publish","hentry"],"featured_media_urls":[],"_links":{"self":[{"href":"https:\/\/www.at-event.fr\/index.php?rest_route=\/wp\/v2\/pages\/3","targetHints":{"allow":["GET"]}}],"collection":[{"href":"https:\/\/www.at-event.fr\/index.php?rest_route=\/wp\/v2\/pages"}],"about":[{"href":"https:\/\/www.at-event.fr\/index.php?rest_route=\/wp\/v2\/types\/page"}],"author":[{"embeddable":true,"href":"https:\/\/www.at-event.fr\/index.php?rest_route=\/wp\/v2\/users\/1"}],"replies":[{"embeddable":true,"href":"https:\/\/www.at-event.fr\/index.php?rest_route=%2Fwp%2Fv2%2Fcomments&post=3"}],"version-history":[{"count":1,"href":"https:\/\/www.at-event.fr\/index.php?rest_route=\/wp\/v2\/pages\/3\/revisions"}],"predecessor-version":[{"id":134,"href":"https:\/\/www.at-event.fr\/index.php?rest_route=\/wp\/v2\/pages\/3\/revisions\/134"}],"wp:attachment":[{"href":"https:\/\/www.at-event.fr\/index.php?rest_route=%2Fwp%2Fv2%2Fmedia&parent=3"}],"curies":[{"name":"wp","href":"https:\/\/api.w.org\/{rel}","templated":true}]}}